{"id":7,"date":"2026-02-27T14:59:50","date_gmt":"2026-02-27T14:59:50","guid":{"rendered":"https:\/\/apriscoeleuteriosl.rkinformatika.online\/?page_id=7"},"modified":"2026-03-02T11:17:28","modified_gmt":"2026-03-02T11:17:28","slug":"servicios","status":"publish","type":"page","link":"https:\/\/apriscoeleuteriosl.com\/en\/servicios\/","title":{"rendered":"Services"},"content":{"rendered":"<div data-elementor-type=\"wp-page\" data-elementor-id=\"7\" class=\"elementor elementor-7\" data-elementor-post-type=\"page\">\n\t\t\t\t<div class=\"elementor-element elementor-element-fe8519f e-flex e-con-boxed e-con e-parent\" data-id=\"fe8519f\" data-element_type=\"container\" data-e-type=\"container\" data-settings=\"{&quot;background_background&quot;:&quot;classic&quot;}\">\n\t\t\t\t\t<div class=\"e-con-inner\">\n\t\t<div class=\"elementor-element elementor-element-b65dd4d e-con-full e-flex e-con e-child\" data-id=\"b65dd4d\" data-element_type=\"container\" data-e-type=\"container\">\n\t\t\t\t<\/div>\n\t\t\t\t\t<\/div>\n\t\t\t\t<\/div>\n\t\t<div class=\"elementor-element elementor-element-f35b775 e-flex e-con-boxed e-con e-parent\" data-id=\"f35b775\" data-element_type=\"container\" data-e-type=\"container\">\n\t\t\t\t\t<div class=\"e-con-inner\">\n\t\t<div class=\"elementor-element elementor-element-232694e e-con-full e-flex e-con e-child\" data-id=\"232694e\" data-element_type=\"container\" data-e-type=\"container\">\n\t\t\t\t<div class=\"elementor-element elementor-element-7be7055 elementor-widget elementor-widget-heading\" data-id=\"7be7055\" data-element_type=\"widget\" data-e-type=\"widget\" data-widget_type=\"heading.default\">\n\t\t\t\t\t<h2 class=\"elementor-heading-title elementor-size-default\">\u00a1Leche y carne de cabra con origen y excelencia!<\/h2>\t\t\t\t<\/div>\n\t\t\t\t<div class=\"elementor-element elementor-element-111b4c9 elementor-widget-divider--view-line_icon elementor-view-default elementor-widget-divider--element-align-center elementor-widget elementor-widget-divider\" data-id=\"111b4c9\" data-element_type=\"widget\" data-e-type=\"widget\" data-widget_type=\"divider.default\">\n\t\t\t\t\t\t\t<div class=\"elementor-divider\">\n\t\t\t<span class=\"elementor-divider-separator\">\n\t\t\t\t\t\t\t<div class=\"elementor-icon elementor-divider__element\">\n\t\t\t\t\t<svg aria-hidden=\"true\" class=\"e-font-icon-svg e-fas-democrat\" viewbox=\"0 0 640 512\" xmlns=\"http:\/\/www.w3.org\/2000\/svg\"><path d=\"M637.3 256.9l-19.6-29.4c-28.2-42.3-75.3-67.5-126.1-67.5H256l-81.2-81.2c20.1-20.1 22.6-51.1 7.5-73.9-3.4-5.2-10.8-5.9-15.2-1.5l-41.8 41.8L82.4 2.4c-3.6-3.6-9.6-3-12.4 1.2-12.3 18.6-10.3 44 6.1 60.4 3.3 3.3 7.3 5.3 11.3 7.5-2.2 1.7-4.7 3.1-6.4 5.4L6.4 176.2c-7.3 9.7-8.4 22.7-3 33.5l14.3 28.6c5.4 10.8 16.5 17.7 28.6 17.7h31c8.5 0 16.6-3.4 22.6-9.4L138 212l54 108h352v-77.8c16.2 12.2 18.3 17.6 40.1 50.3 4.9 7.4 14.8 9.3 22.2 4.4l26.6-17.7c7.3-5 9.3-14.9 4.4-22.3zm-341.1-13.6l-16.5 16.1 3.9 22.7c.7 4.1-3.6 7.2-7.2 5.3L256 276.7l-20.4 10.7c-3.6 1.9-7.9-1.2-7.2-5.3l3.9-22.7-16.5-16.1c-3-2.9-1.3-7.9 2.8-8.5l22.8-3.3 10.2-20.7c1.8-3.7 7.1-3.7 9 0l10.2 20.7 22.8 3.3c4 .6 5.6 5.6 2.6 8.5zm112 0l-16.5 16.1 3.9 22.7c.7 4.1-3.6 7.2-7.2 5.3L368 276.7l-20.4 10.7c-3.6 1.9-7.9-1.2-7.2-5.3l3.9-22.7-16.5-16.1c-3-2.9-1.3-7.9 2.8-8.5l22.8-3.3 10.2-20.7c1.8-3.7 7.1-3.7 9 0l10.2 20.7 22.8 3.3c4 .6 5.6 5.6 2.6 8.5zm112 0l-16.5 16.1 3.9 22.7c.7 4.1-3.6 7.2-7.2 5.3L480 276.7l-20.4 10.7c-3.6 1.9-7.9-1.2-7.2-5.3l3.9-22.7-16.5-16.1c-3-2.9-1.3-7.9 2.8-8.5l22.8-3.3 10.2-20.7c1.8-3.7 7.1-3.7 9 0l10.2 20.7 22.8 3.3c4 .6 5.6 5.6 2.6 8.5zM192 496c0 8.8 7.2 16 16 16h64c8.8 0 16-7.2 16-16v-80h160v80c0 8.8 7.2 16 16 16h64c8.8 0 16-7.2 16-16V352H192v144z\"><\/path><\/svg><\/div>\n\t\t\t\t\t\t<\/span>\n\t\t<\/div>\n\t\t\t\t\t\t<\/div>\n\t\t\t\t<div class=\"elementor-element elementor-element-d5093b1 elementor-widget elementor-widget-text-editor\" data-id=\"d5093b1\" data-element_type=\"widget\" data-e-type=\"widget\" data-widget_type=\"text-editor.default\">\n\t\t\t\t\t\t\t\t\t<p>En nuestra empresa, ofrecemos una amplia gama de servicios relacionados con la producci\u00f3n de leche y carne de cabra de la reconocida raza <strong>murciano granadino<\/strong>. Nos especializamos en la venta de animales de alto valor gen\u00e9tico, asegurando que cada uno de ellos cumpla con los m\u00e1s altos est\u00e1ndares de calidad. Nuestra dedicaci\u00f3n a esta raza garantiza que nuestros clientes obtengan productos excepcionales y animales que aportan valor a su ganader\u00eda.<\/p>\t\t\t\t\t\t\t\t<\/div>\n\t\t\t\t<\/div>\n\t\t\t\t\t<\/div>\n\t\t\t\t<\/div>\n\t\t<div class=\"elementor-element elementor-element-d5564ae e-grid e-con-boxed e-con e-parent\" data-id=\"d5564ae\" data-element_type=\"container\" data-e-type=\"container\">\n\t\t\t\t\t<div class=\"e-con-inner\">\n\t\t\t\t<div class=\"elementor-element elementor-element-fb81930 elementor-flip-box--effect-zoom-out elementor-widget elementor-widget-flip-box\" data-id=\"fb81930\" data-element_type=\"widget\" data-e-type=\"widget\" data-widget_type=\"flip-box.default\">\n\t\t\t\t\t\t\t<div class=\"elementor-flip-box\" tabindex=\"0\">\n\t\t\t<div class=\"elementor-flip-box__layer elementor-flip-box__front\">\n\t\t\t\t<div class=\"elementor-flip-box__layer__overlay\">\n\t\t\t\t\t<div class=\"elementor-flip-box__layer__inner\">\n\t\t\t\t\t\t\n\t\t\t\t\t\t\n\t\t\t\t\t\t\t\t\t\t\t<\/div>\n\t\t\t\t<\/div>\n\t\t\t<\/div>\n\t\t\t<div class=\"elementor-flip-box__layer elementor-flip-box__back\">\n\t\t\t<div class=\"elementor-flip-box__layer__overlay\">\n\t\t\t\t<div class=\"elementor-flip-box__layer__inner\">\n\t\t\t\t\t\t\t\t\t\t\t<h3 class=\"elementor-flip-box__layer__title\">\n\t\t\t\t\t\t\tProducci\u00f3n de leche\t\t\t\t\t\t<\/h3>\n\t\t\t\t\t\n\t\t\t\t\t\t\t\t\t\t\t<div class=\"elementor-flip-box__layer__description\">\n\t\t\t\t\t\t\tDe cabra raza murciano granadino\t\t\t\t\t\t<\/div>\n\t\t\t\t\t\n\t\t\t\t\t\t\t\t<\/div>\n\t\t<\/div>\n\t\t<\/div>\n\t\t<\/div>\n\t\t\t\t\t\t<\/div>\n\t\t\t\t<div class=\"elementor-element elementor-element-e2399b9 elementor-flip-box--effect-zoom-out elementor-widget elementor-widget-flip-box\" data-id=\"e2399b9\" data-element_type=\"widget\" data-e-type=\"widget\" data-widget_type=\"flip-box.default\">\n\t\t\t\t\t\t\t<div class=\"elementor-flip-box\" tabindex=\"0\">\n\t\t\t<div class=\"elementor-flip-box__layer elementor-flip-box__front\">\n\t\t\t\t<div class=\"elementor-flip-box__layer__overlay\">\n\t\t\t\t\t<div class=\"elementor-flip-box__layer__inner\">\n\t\t\t\t\t\t\n\t\t\t\t\t\t\n\t\t\t\t\t\t\t\t\t\t\t<\/div>\n\t\t\t\t<\/div>\n\t\t\t<\/div>\n\t\t\t<div class=\"elementor-flip-box__layer elementor-flip-box__back\">\n\t\t\t<div class=\"elementor-flip-box__layer__overlay\">\n\t\t\t\t<div class=\"elementor-flip-box__layer__inner\">\n\t\t\t\t\t\t\t\t\t\t\t<h3 class=\"elementor-flip-box__layer__title\">\n\t\t\t\t\t\t\tProducci\u00f3n de carne\t\t\t\t\t\t<\/h3>\n\t\t\t\t\t\n\t\t\t\t\t\t\t\t\t\t\t<div class=\"elementor-flip-box__layer__description\">\n\t\t\t\t\t\t\tDe cabra raza murciano granadino\t\t\t\t\t\t<\/div>\n\t\t\t\t\t\n\t\t\t\t\t\t\t\t<\/div>\n\t\t<\/div>\n\t\t<\/div>\n\t\t<\/div>\n\t\t\t\t\t\t<\/div>\n\t\t\t\t<div class=\"elementor-element elementor-element-8418d53 elementor-flip-box--effect-zoom-out elementor-widget elementor-widget-flip-box\" data-id=\"8418d53\" data-element_type=\"widget\" data-e-type=\"widget\" data-widget_type=\"flip-box.default\">\n\t\t\t\t\t\t\t<div class=\"elementor-flip-box\" tabindex=\"0\">\n\t\t\t<div class=\"elementor-flip-box__layer elementor-flip-box__front\">\n\t\t\t\t<div class=\"elementor-flip-box__layer__overlay\">\n\t\t\t\t\t<div class=\"elementor-flip-box__layer__inner\">\n\t\t\t\t\t\t\n\t\t\t\t\t\t\n\t\t\t\t\t\t\t\t\t\t\t<\/div>\n\t\t\t\t<\/div>\n\t\t\t<\/div>\n\t\t\t<div class=\"elementor-flip-box__layer elementor-flip-box__back\">\n\t\t\t<div class=\"elementor-flip-box__layer__overlay\">\n\t\t\t\t<div class=\"elementor-flip-box__layer__inner\">\n\t\t\t\t\t\t\t\t\t\t\t<h3 class=\"elementor-flip-box__layer__title\">\n\t\t\t\t\t\t\tVenta de animales de alto valor gen\u00e9tico\t\t\t\t\t\t<\/h3>\n\t\t\t\t\t\n\t\t\t\t\t\t\t\t\t\t\t<div class=\"elementor-flip-box__layer__description\">\n\t\t\t\t\t\t\tDe cabra raza murciano granadino\t\t\t\t\t\t<\/div>\n\t\t\t\t\t\n\t\t\t\t\t\t\t\t<\/div>\n\t\t<\/div>\n\t\t<\/div>\n\t\t<\/div>\n\t\t\t\t\t\t<\/div>\n\t\t\t\t\t<\/div>\n\t\t\t\t<\/div>\n\t\t<div class=\"elementor-element elementor-element-f0ccd70 e-flex e-con-boxed e-con e-parent\" data-id=\"f0ccd70\" data-element_type=\"container\" data-e-type=\"container\" data-settings=\"{&quot;background_background&quot;:&quot;classic&quot;}\">\n\t\t\t\t\t<div class=\"e-con-inner\">\n\t\t\t\t<div class=\"elementor-element elementor-element-2a25d6a elementor-invisible elementor-widget elementor-widget-heading\" data-id=\"2a25d6a\" data-element_type=\"widget\" data-e-type=\"widget\" data-settings=\"{&quot;_animation&quot;:&quot;fadeInDown&quot;}\" data-widget_type=\"heading.default\">\n\t\t\t\t\t<h2 class=\"elementor-heading-title elementor-size-default\">\u00a1Murciano-Granadina: leche, carne y gen\u00e9tica superior!<\/h2>\t\t\t\t<\/div>\n\t\t\t\t<div class=\"elementor-element elementor-element-aa9340e elementor-invisible elementor-widget elementor-widget-button\" data-id=\"aa9340e\" data-element_type=\"widget\" data-e-type=\"widget\" data-settings=\"{&quot;_animation&quot;:&quot;fadeInDown&quot;}\" data-widget_type=\"button.default\">\n\t\t\t\t\t\t\t\t\t\t<a class=\"elementor-button elementor-button-link elementor-size-sm elementor-animation-float\" href=\"\/en\/contacto\/\">\n\t\t\t\t\t\t<span class=\"elementor-button-content-wrapper\">\n\t\t\t\t\t\t\t\t\t<span class=\"elementor-button-text\">Cont\u00e1ctanos<\/span>\n\t\t\t\t\t<\/span>\n\t\t\t\t\t<\/a>\n\t\t\t\t\t\t\t\t<\/div>\n\t\t\t\t\t<\/div>\n\t\t\t\t<\/div>\n\t\t<div class=\"elementor-element elementor-element-5ea3582 e-flex e-con-boxed e-con e-parent\" data-id=\"5ea3582\" data-element_type=\"container\" data-e-type=\"container\">\n\t\t\t\t\t<div class=\"e-con-inner\">\n\t\t<div class=\"elementor-element elementor-element-dd97eeb e-con-full e-flex e-con e-child\" data-id=\"dd97eeb\" data-element_type=\"container\" data-e-type=\"container\">\n\t\t\t\t<div class=\"elementor-element elementor-element-4d8e719 elementor-widget elementor-widget-heading\" data-id=\"4d8e719\" data-element_type=\"widget\" data-e-type=\"widget\" data-widget_type=\"heading.default\">\n\t\t\t\t\t<h2 class=\"elementor-heading-title elementor-size-default\">\u00a1Excelencia caprina en cada generaci\u00f3n!<\/h2>\t\t\t\t<\/div>\n\t\t\t\t<div class=\"elementor-element elementor-element-938a18f elementor-widget-divider--view-line_icon elementor-view-default elementor-widget-divider--element-align-center elementor-widget elementor-widget-divider\" data-id=\"938a18f\" data-element_type=\"widget\" data-e-type=\"widget\" data-widget_type=\"divider.default\">\n\t\t\t\t\t\t\t<div class=\"elementor-divider\">\n\t\t\t<span class=\"elementor-divider-separator\">\n\t\t\t\t\t\t\t<div class=\"elementor-icon elementor-divider__element\">\n\t\t\t\t\t<svg aria-hidden=\"true\" class=\"e-font-icon-svg e-fas-democrat\" viewbox=\"0 0 640 512\" xmlns=\"http:\/\/www.w3.org\/2000\/svg\"><path d=\"M637.3 256.9l-19.6-29.4c-28.2-42.3-75.3-67.5-126.1-67.5H256l-81.2-81.2c20.1-20.1 22.6-51.1 7.5-73.9-3.4-5.2-10.8-5.9-15.2-1.5l-41.8 41.8L82.4 2.4c-3.6-3.6-9.6-3-12.4 1.2-12.3 18.6-10.3 44 6.1 60.4 3.3 3.3 7.3 5.3 11.3 7.5-2.2 1.7-4.7 3.1-6.4 5.4L6.4 176.2c-7.3 9.7-8.4 22.7-3 33.5l14.3 28.6c5.4 10.8 16.5 17.7 28.6 17.7h31c8.5 0 16.6-3.4 22.6-9.4L138 212l54 108h352v-77.8c16.2 12.2 18.3 17.6 40.1 50.3 4.9 7.4 14.8 9.3 22.2 4.4l26.6-17.7c7.3-5 9.3-14.9 4.4-22.3zm-341.1-13.6l-16.5 16.1 3.9 22.7c.7 4.1-3.6 7.2-7.2 5.3L256 276.7l-20.4 10.7c-3.6 1.9-7.9-1.2-7.2-5.3l3.9-22.7-16.5-16.1c-3-2.9-1.3-7.9 2.8-8.5l22.8-3.3 10.2-20.7c1.8-3.7 7.1-3.7 9 0l10.2 20.7 22.8 3.3c4 .6 5.6 5.6 2.6 8.5zm112 0l-16.5 16.1 3.9 22.7c.7 4.1-3.6 7.2-7.2 5.3L368 276.7l-20.4 10.7c-3.6 1.9-7.9-1.2-7.2-5.3l3.9-22.7-16.5-16.1c-3-2.9-1.3-7.9 2.8-8.5l22.8-3.3 10.2-20.7c1.8-3.7 7.1-3.7 9 0l10.2 20.7 22.8 3.3c4 .6 5.6 5.6 2.6 8.5zm112 0l-16.5 16.1 3.9 22.7c.7 4.1-3.6 7.2-7.2 5.3L480 276.7l-20.4 10.7c-3.6 1.9-7.9-1.2-7.2-5.3l3.9-22.7-16.5-16.1c-3-2.9-1.3-7.9 2.8-8.5l22.8-3.3 10.2-20.7c1.8-3.7 7.1-3.7 9 0l10.2 20.7 22.8 3.3c4 .6 5.6 5.6 2.6 8.5zM192 496c0 8.8 7.2 16 16 16h64c8.8 0 16-7.2 16-16v-80h160v80c0 8.8 7.2 16 16 16h64c8.8 0 16-7.2 16-16V352H192v144z\"><\/path><\/svg><\/div>\n\t\t\t\t\t\t<\/span>\n\t\t<\/div>\n\t\t\t\t\t\t<\/div>\n\t\t\t\t<\/div>\n\t\t<div class=\"elementor-element elementor-element-25dba3b e-con-full e-flex e-con e-child\" data-id=\"25dba3b\" data-element_type=\"container\" data-e-type=\"container\">\n\t\t\t\t<div class=\"elementor-element elementor-element-0fecab3 elementor-widget elementor-widget-image\" data-id=\"0fecab3\" data-element_type=\"widget\" data-e-type=\"widget\" data-widget_type=\"image.default\">\n\t\t\t\t\t\t\t\t\t\t\t\t\t\t\t<img fetchpriority=\"high\" decoding=\"async\" width=\"1500\" height=\"1000\" src=\"https:\/\/apriscoeleuteriosl.com\/wp-content\/uploads\/2026\/03\/264.jpg\" class=\"attachment-full size-full wp-image-408\" alt=\"\" srcset=\"https:\/\/apriscoeleuteriosl.com\/wp-content\/uploads\/2026\/03\/264.jpg 1500w, https:\/\/apriscoeleuteriosl.com\/wp-content\/uploads\/2026\/03\/264-300x200.jpg 300w, https:\/\/apriscoeleuteriosl.com\/wp-content\/uploads\/2026\/03\/264-1024x683.jpg 1024w, https:\/\/apriscoeleuteriosl.com\/wp-content\/uploads\/2026\/03\/264-768x512.jpg 768w, https:\/\/apriscoeleuteriosl.com\/wp-content\/uploads\/2026\/03\/264-18x12.jpg 18w\" sizes=\"(max-width: 1500px) 100vw, 1500px\" \/>\t\t\t\t\t\t\t\t\t\t\t\t\t\t\t<\/div>\n\t\t\t\t<\/div>\n\t\t\t\t\t<\/div>\n\t\t\t\t<\/div>\n\t\t\t\t<\/div>","protected":false},"excerpt":{"rendered":"<p>\u00a1Leche y carne de cabra con origen y excelencia! En nuestra empresa, ofrecemos una amplia gama de servicios relacionados con la producci\u00f3n de leche y carne de cabra de la reconocida raza murciano granadino. Nos especializamos en la venta de animales de alto valor gen\u00e9tico, asegurando que cada uno de ellos cumpla con los m\u00e1s [&hellip;]<\/p>\n","protected":false},"author":1,"featured_media":0,"parent":0,"menu_order":0,"comment_status":"closed","ping_status":"closed","template":"elementor_canvas","meta":{"footnotes":""},"class_list":["post-7","page","type-page","status-publish","hentry"],"yoast_head":"<!-- This site is optimized with the Yoast SEO plugin v27.4 - https:\/\/yoast.com\/product\/yoast-seo-wordpress\/ -->\n<title>Servicios - Aprisco Eleuterio, S.L.<\/title>\n<meta name=\"robots\" content=\"index, follow, max-snippet:-1, max-image-preview:large, max-video-preview:-1\" \/>\n<link rel=\"canonical\" href=\"https:\/\/apriscoeleuteriosl.com\/en\/servicios\/\" \/>\n<meta property=\"og:locale\" content=\"en_GB\" \/>\n<meta property=\"og:type\" content=\"article\" \/>\n<meta property=\"og:title\" content=\"Servicios - Aprisco Eleuterio, S.L.\" \/>\n<meta property=\"og:description\" content=\"\u00a1Leche y carne de cabra con origen y excelencia! En nuestra empresa, ofrecemos una amplia gama de servicios relacionados con la producci\u00f3n de leche y carne de cabra de la reconocida raza murciano granadino. Nos especializamos en la venta de animales de alto valor gen\u00e9tico, asegurando que cada uno de ellos cumpla con los m\u00e1s [&hellip;]\" \/>\n<meta property=\"og:url\" content=\"https:\/\/apriscoeleuteriosl.com\/en\/servicios\/\" \/>\n<meta property=\"og:site_name\" content=\"Aprisco Eleuterio, S.L.\" \/>\n<meta property=\"article:modified_time\" content=\"2026-03-02T11:17:28+00:00\" \/>\n<meta property=\"og:image\" content=\"https:\/\/apriscoeleuteriosl.com\/wp-content\/uploads\/2026\/03\/264.jpg\" \/>\n<meta name=\"twitter:card\" content=\"summary_large_image\" \/>\n<meta name=\"twitter:label1\" content=\"Estimated reading time\" \/>\n\t<meta name=\"twitter:data1\" content=\"1 minute\" \/>\n<script type=\"application\/ld+json\" class=\"yoast-schema-graph\">{\"@context\":\"https:\\\/\\\/schema.org\",\"@graph\":[{\"@type\":\"WebPage\",\"@id\":\"https:\\\/\\\/apriscoeleuteriosl.com\\\/servicios\\\/\",\"url\":\"https:\\\/\\\/apriscoeleuteriosl.com\\\/servicios\\\/\",\"name\":\"Servicios - Aprisco Eleuterio, S.L.\",\"isPartOf\":{\"@id\":\"https:\\\/\\\/apriscoeleuteriosl.com\\\/#website\"},\"primaryImageOfPage\":{\"@id\":\"https:\\\/\\\/apriscoeleuteriosl.com\\\/servicios\\\/#primaryimage\"},\"image\":{\"@id\":\"https:\\\/\\\/apriscoeleuteriosl.com\\\/servicios\\\/#primaryimage\"},\"thumbnailUrl\":\"https:\\\/\\\/apriscoeleuteriosl.com\\\/wp-content\\\/uploads\\\/2026\\\/03\\\/264.jpg\",\"datePublished\":\"2026-02-27T14:59:50+00:00\",\"dateModified\":\"2026-03-02T11:17:28+00:00\",\"breadcrumb\":{\"@id\":\"https:\\\/\\\/apriscoeleuteriosl.com\\\/servicios\\\/#breadcrumb\"},\"inLanguage\":\"en-GB\",\"potentialAction\":[{\"@type\":\"ReadAction\",\"target\":[\"https:\\\/\\\/apriscoeleuteriosl.com\\\/servicios\\\/\"]}]},{\"@type\":\"ImageObject\",\"inLanguage\":\"en-GB\",\"@id\":\"https:\\\/\\\/apriscoeleuteriosl.com\\\/servicios\\\/#primaryimage\",\"url\":\"https:\\\/\\\/apriscoeleuteriosl.com\\\/wp-content\\\/uploads\\\/2026\\\/03\\\/264.jpg\",\"contentUrl\":\"https:\\\/\\\/apriscoeleuteriosl.com\\\/wp-content\\\/uploads\\\/2026\\\/03\\\/264.jpg\"},{\"@type\":\"BreadcrumbList\",\"@id\":\"https:\\\/\\\/apriscoeleuteriosl.com\\\/servicios\\\/#breadcrumb\",\"itemListElement\":[{\"@type\":\"ListItem\",\"position\":1,\"name\":\"Portada\",\"item\":\"https:\\\/\\\/apriscoeleuteriosl.com\\\/\"},{\"@type\":\"ListItem\",\"position\":2,\"name\":\"Servicios\"}]},{\"@type\":\"WebSite\",\"@id\":\"https:\\\/\\\/apriscoeleuteriosl.com\\\/#website\",\"url\":\"https:\\\/\\\/apriscoeleuteriosl.com\\\/\",\"name\":\"Aprisco Eleuterio, S.L.\",\"description\":\"Aprisco Eleuterio, S.L.\",\"publisher\":{\"@id\":\"https:\\\/\\\/apriscoeleuteriosl.com\\\/#organization\"},\"potentialAction\":[{\"@type\":\"SearchAction\",\"target\":{\"@type\":\"EntryPoint\",\"urlTemplate\":\"https:\\\/\\\/apriscoeleuteriosl.com\\\/?s={search_term_string}\"},\"query-input\":{\"@type\":\"PropertyValueSpecification\",\"valueRequired\":true,\"valueName\":\"search_term_string\"}}],\"inLanguage\":\"en-GB\"},{\"@type\":\"Organization\",\"@id\":\"https:\\\/\\\/apriscoeleuteriosl.com\\\/#organization\",\"name\":\"Aprisco Eleuterio, S.L.\",\"url\":\"https:\\\/\\\/apriscoeleuteriosl.com\\\/\",\"logo\":{\"@type\":\"ImageObject\",\"inLanguage\":\"en-GB\",\"@id\":\"https:\\\/\\\/apriscoeleuteriosl.com\\\/#\\\/schema\\\/logo\\\/image\\\/\",\"url\":\"https:\\\/\\\/apriscoeleuteriosl.com\\\/wp-content\\\/uploads\\\/2026\\\/02\\\/logo_web.png\",\"contentUrl\":\"https:\\\/\\\/apriscoeleuteriosl.com\\\/wp-content\\\/uploads\\\/2026\\\/02\\\/logo_web.png\",\"width\":1080,\"height\":1080,\"caption\":\"Aprisco Eleuterio, S.L.\"},\"image\":{\"@id\":\"https:\\\/\\\/apriscoeleuteriosl.com\\\/#\\\/schema\\\/logo\\\/image\\\/\"}}]}<\/script>\n<!-- \/ Yoast SEO plugin. -->","yoast_head_json":{"title":"Servicios - Aprisco Eleuterio, S.L.","robots":{"index":"index","follow":"follow","max-snippet":"max-snippet:-1","max-image-preview":"max-image-preview:large","max-video-preview":"max-video-preview:-1"},"canonical":"https:\/\/apriscoeleuteriosl.com\/en\/servicios\/","og_locale":"en_GB","og_type":"article","og_title":"Servicios - Aprisco Eleuterio, S.L.","og_description":"\u00a1Leche y carne de cabra con origen y excelencia! En nuestra empresa, ofrecemos una amplia gama de servicios relacionados con la producci\u00f3n de leche y carne de cabra de la reconocida raza murciano granadino. Nos especializamos en la venta de animales de alto valor gen\u00e9tico, asegurando que cada uno de ellos cumpla con los m\u00e1s [&hellip;]","og_url":"https:\/\/apriscoeleuteriosl.com\/en\/servicios\/","og_site_name":"Aprisco Eleuterio, S.L.","article_modified_time":"2026-03-02T11:17:28+00:00","og_image":[{"url":"https:\/\/apriscoeleuteriosl.com\/wp-content\/uploads\/2026\/03\/264.jpg","type":"","width":"","height":""}],"twitter_card":"summary_large_image","twitter_misc":{"Estimated reading time":"1 minute"},"schema":{"@context":"https:\/\/schema.org","@graph":[{"@type":"WebPage","@id":"https:\/\/apriscoeleuteriosl.com\/servicios\/","url":"https:\/\/apriscoeleuteriosl.com\/servicios\/","name":"Servicios - Aprisco Eleuterio, S.L.","isPartOf":{"@id":"https:\/\/apriscoeleuteriosl.com\/#website"},"primaryImageOfPage":{"@id":"https:\/\/apriscoeleuteriosl.com\/servicios\/#primaryimage"},"image":{"@id":"https:\/\/apriscoeleuteriosl.com\/servicios\/#primaryimage"},"thumbnailUrl":"https:\/\/apriscoeleuteriosl.com\/wp-content\/uploads\/2026\/03\/264.jpg","datePublished":"2026-02-27T14:59:50+00:00","dateModified":"2026-03-02T11:17:28+00:00","breadcrumb":{"@id":"https:\/\/apriscoeleuteriosl.com\/servicios\/#breadcrumb"},"inLanguage":"en-GB","potentialAction":[{"@type":"ReadAction","target":["https:\/\/apriscoeleuteriosl.com\/servicios\/"]}]},{"@type":"ImageObject","inLanguage":"en-GB","@id":"https:\/\/apriscoeleuteriosl.com\/servicios\/#primaryimage","url":"https:\/\/apriscoeleuteriosl.com\/wp-content\/uploads\/2026\/03\/264.jpg","contentUrl":"https:\/\/apriscoeleuteriosl.com\/wp-content\/uploads\/2026\/03\/264.jpg"},{"@type":"BreadcrumbList","@id":"https:\/\/apriscoeleuteriosl.com\/servicios\/#breadcrumb","itemListElement":[{"@type":"ListItem","position":1,"name":"Portada","item":"https:\/\/apriscoeleuteriosl.com\/"},{"@type":"ListItem","position":2,"name":"Servicios"}]},{"@type":"WebSite","@id":"https:\/\/apriscoeleuteriosl.com\/#website","url":"https:\/\/apriscoeleuteriosl.com\/","name":"Aprisco Eleuterio, S.L.","description":"Aprisco Eleuterio, S.L.","publisher":{"@id":"https:\/\/apriscoeleuteriosl.com\/#organization"},"potentialAction":[{"@type":"SearchAction","target":{"@type":"EntryPoint","urlTemplate":"https:\/\/apriscoeleuteriosl.com\/?s={search_term_string}"},"query-input":{"@type":"PropertyValueSpecification","valueRequired":true,"valueName":"search_term_string"}}],"inLanguage":"en-GB"},{"@type":"Organization","@id":"https:\/\/apriscoeleuteriosl.com\/#organization","name":"Aprisco Eleuterio, S.L.","url":"https:\/\/apriscoeleuteriosl.com\/","logo":{"@type":"ImageObject","inLanguage":"en-GB","@id":"https:\/\/apriscoeleuteriosl.com\/#\/schema\/logo\/image\/","url":"https:\/\/apriscoeleuteriosl.com\/wp-content\/uploads\/2026\/02\/logo_web.png","contentUrl":"https:\/\/apriscoeleuteriosl.com\/wp-content\/uploads\/2026\/02\/logo_web.png","width":1080,"height":1080,"caption":"Aprisco Eleuterio, S.L."},"image":{"@id":"https:\/\/apriscoeleuteriosl.com\/#\/schema\/logo\/image\/"}}]}},"_links":{"self":[{"href":"https:\/\/apriscoeleuteriosl.com\/en\/wp-json\/wp\/v2\/pages\/7","targetHints":{"allow":["GET"]}}],"collection":[{"href":"https:\/\/apriscoeleuteriosl.com\/en\/wp-json\/wp\/v2\/pages"}],"about":[{"href":"https:\/\/apriscoeleuteriosl.com\/en\/wp-json\/wp\/v2\/types\/page"}],"author":[{"embeddable":true,"href":"https:\/\/apriscoeleuteriosl.com\/en\/wp-json\/wp\/v2\/users\/1"}],"replies":[{"embeddable":true,"href":"https:\/\/apriscoeleuteriosl.com\/en\/wp-json\/wp\/v2\/comments?post=7"}],"version-history":[{"count":79,"href":"https:\/\/apriscoeleuteriosl.com\/en\/wp-json\/wp\/v2\/pages\/7\/revisions"}],"predecessor-version":[{"id":431,"href":"https:\/\/apriscoeleuteriosl.com\/en\/wp-json\/wp\/v2\/pages\/7\/revisions\/431"}],"wp:attachment":[{"href":"https:\/\/apriscoeleuteriosl.com\/en\/wp-json\/wp\/v2\/media?parent=7"}],"curies":[{"name":"wp","href":"https:\/\/api.w.org\/{rel}","templated":true}]}}