{"id":2,"date":"2026-02-27T14:51:20","date_gmt":"2026-02-27T14:51:20","guid":{"rendered":"https:\/\/apriscoeleuteriosl.rkinformatika.online\/?page_id=2"},"modified":"2026-03-02T11:15:05","modified_gmt":"2026-03-02T11:15:05","slug":"inicio","status":"publish","type":"page","link":"https:\/\/apriscoeleuteriosl.com\/en\/","title":{"rendered":"Home"},"content":{"rendered":"\t\t<div data-elementor-type=\"wp-page\" data-elementor-id=\"2\" class=\"elementor elementor-2\" data-elementor-post-type=\"page\">\n\t\t\t\t<div class=\"elementor-element elementor-element-fd16778 e-flex e-con-boxed e-con e-parent\" data-id=\"fd16778\" data-element_type=\"container\" data-e-type=\"container\" data-settings=\"{&quot;background_background&quot;:&quot;slideshow&quot;,&quot;background_slideshow_gallery&quot;:[{&quot;id&quot;:405,&quot;url&quot;:&quot;https:\\\/\\\/apriscoeleuteriosl.com\\\/wp-content\\\/uploads\\\/2026\\\/03\\\/149.jpg&quot;},{&quot;id&quot;:399,&quot;url&quot;:&quot;https:\\\/\\\/apriscoeleuteriosl.com\\\/wp-content\\\/uploads\\\/2026\\\/03\\\/580.jpg&quot;},{&quot;id&quot;:410,&quot;url&quot;:&quot;https:\\\/\\\/apriscoeleuteriosl.com\\\/wp-content\\\/uploads\\\/2026\\\/03\\\/5424.jpg&quot;}],&quot;background_slideshow_ken_burns&quot;:&quot;yes&quot;,&quot;background_slideshow_loop&quot;:&quot;yes&quot;,&quot;background_slideshow_slide_duration&quot;:5000,&quot;background_slideshow_slide_transition&quot;:&quot;fade&quot;,&quot;background_slideshow_transition_duration&quot;:500,&quot;background_slideshow_ken_burns_zoom_direction&quot;:&quot;in&quot;}\">\n\t\t\t\t\t<div class=\"e-con-inner\">\n\t\t<div class=\"elementor-element elementor-element-adea09c e-con-full e-flex elementor-invisible e-con e-child\" data-id=\"adea09c\" data-element_type=\"container\" data-e-type=\"container\" data-settings=\"{&quot;animation&quot;:&quot;fadeInLeft&quot;}\">\n\t\t\t\t<div class=\"elementor-element elementor-element-b9f625d elementor-widget elementor-widget-heading\" data-id=\"b9f625d\" data-element_type=\"widget\" data-e-type=\"widget\" data-widget_type=\"heading.default\">\n\t\t\t\t\t<h2 class=\"elementor-heading-title elementor-size-default\">Explotaci\u00f3n caprina<\/h2>\t\t\t\t<\/div>\n\t\t\t\t<div class=\"elementor-element elementor-element-cff9893 elementor-widget elementor-widget-heading\" data-id=\"cff9893\" data-element_type=\"widget\" data-e-type=\"widget\" data-widget_type=\"heading.default\">\n\t\t\t\t\t<h2 class=\"elementor-heading-title elementor-size-default\">Con mas de 50 a\u00f1os de experiencia<\/h2>\t\t\t\t<\/div>\n\t\t\t\t<\/div>\n\t\t\t\t\t<\/div>\n\t\t\t\t<\/div>\n\t\t<div class=\"elementor-element elementor-element-38d6ad4 e-flex e-con-boxed e-con e-parent\" data-id=\"38d6ad4\" data-element_type=\"container\" data-e-type=\"container\">\n\t\t\t\t\t<div class=\"e-con-inner\">\n\t\t<div class=\"elementor-element elementor-element-790fbdc e-con-full e-flex e-con e-child\" data-id=\"790fbdc\" data-element_type=\"container\" data-e-type=\"container\">\n\t\t\t\t<div class=\"elementor-element elementor-element-3299d8e elementor-widget elementor-widget-image\" data-id=\"3299d8e\" data-element_type=\"widget\" data-e-type=\"widget\" data-widget_type=\"image.default\">\n\t\t\t\t\t\t\t\t\t\t\t\t\t\t\t<img fetchpriority=\"high\" decoding=\"async\" width=\"1500\" height=\"1000\" src=\"https:\/\/apriscoeleuteriosl.com\/wp-content\/uploads\/2026\/03\/680.jpg\" class=\"attachment-full size-full wp-image-411\" alt=\"\" srcset=\"https:\/\/apriscoeleuteriosl.com\/wp-content\/uploads\/2026\/03\/680.jpg 1500w, https:\/\/apriscoeleuteriosl.com\/wp-content\/uploads\/2026\/03\/680-300x200.jpg 300w, https:\/\/apriscoeleuteriosl.com\/wp-content\/uploads\/2026\/03\/680-1024x683.jpg 1024w, https:\/\/apriscoeleuteriosl.com\/wp-content\/uploads\/2026\/03\/680-768x512.jpg 768w, https:\/\/apriscoeleuteriosl.com\/wp-content\/uploads\/2026\/03\/680-18x12.jpg 18w\" sizes=\"(max-width: 1500px) 100vw, 1500px\" \/>\t\t\t\t\t\t\t\t\t\t\t\t\t\t\t<\/div>\n\t\t\t\t<\/div>\n\t\t<div class=\"elementor-element elementor-element-e43bc75 e-con-full e-flex e-con e-child\" data-id=\"e43bc75\" data-element_type=\"container\" data-e-type=\"container\">\n\t\t\t\t<div class=\"elementor-element elementor-element-6612976 elementor-widget elementor-widget-heading\" data-id=\"6612976\" data-element_type=\"widget\" data-e-type=\"widget\" data-widget_type=\"heading.default\">\n\t\t\t\t\t<h2 class=\"elementor-heading-title elementor-size-default\">\u00bfQui\u00e9nes somos?<\/h2>\t\t\t\t<\/div>\n\t\t\t\t<div class=\"elementor-element elementor-element-d2c8bf9 elementor-widget-divider--view-line_icon elementor-view-default elementor-widget-divider--element-align-center elementor-widget elementor-widget-divider\" data-id=\"d2c8bf9\" data-element_type=\"widget\" data-e-type=\"widget\" data-widget_type=\"divider.default\">\n\t\t\t\t\t\t\t<div class=\"elementor-divider\">\n\t\t\t<span class=\"elementor-divider-separator\">\n\t\t\t\t\t\t\t<div class=\"elementor-icon elementor-divider__element\">\n\t\t\t\t\t<svg aria-hidden=\"true\" class=\"e-font-icon-svg e-fas-democrat\" viewBox=\"0 0 640 512\" xmlns=\"http:\/\/www.w3.org\/2000\/svg\"><path d=\"M637.3 256.9l-19.6-29.4c-28.2-42.3-75.3-67.5-126.1-67.5H256l-81.2-81.2c20.1-20.1 22.6-51.1 7.5-73.9-3.4-5.2-10.8-5.9-15.2-1.5l-41.8 41.8L82.4 2.4c-3.6-3.6-9.6-3-12.4 1.2-12.3 18.6-10.3 44 6.1 60.4 3.3 3.3 7.3 5.3 11.3 7.5-2.2 1.7-4.7 3.1-6.4 5.4L6.4 176.2c-7.3 9.7-8.4 22.7-3 33.5l14.3 28.6c5.4 10.8 16.5 17.7 28.6 17.7h31c8.5 0 16.6-3.4 22.6-9.4L138 212l54 108h352v-77.8c16.2 12.2 18.3 17.6 40.1 50.3 4.9 7.4 14.8 9.3 22.2 4.4l26.6-17.7c7.3-5 9.3-14.9 4.4-22.3zm-341.1-13.6l-16.5 16.1 3.9 22.7c.7 4.1-3.6 7.2-7.2 5.3L256 276.7l-20.4 10.7c-3.6 1.9-7.9-1.2-7.2-5.3l3.9-22.7-16.5-16.1c-3-2.9-1.3-7.9 2.8-8.5l22.8-3.3 10.2-20.7c1.8-3.7 7.1-3.7 9 0l10.2 20.7 22.8 3.3c4 .6 5.6 5.6 2.6 8.5zm112 0l-16.5 16.1 3.9 22.7c.7 4.1-3.6 7.2-7.2 5.3L368 276.7l-20.4 10.7c-3.6 1.9-7.9-1.2-7.2-5.3l3.9-22.7-16.5-16.1c-3-2.9-1.3-7.9 2.8-8.5l22.8-3.3 10.2-20.7c1.8-3.7 7.1-3.7 9 0l10.2 20.7 22.8 3.3c4 .6 5.6 5.6 2.6 8.5zm112 0l-16.5 16.1 3.9 22.7c.7 4.1-3.6 7.2-7.2 5.3L480 276.7l-20.4 10.7c-3.6 1.9-7.9-1.2-7.2-5.3l3.9-22.7-16.5-16.1c-3-2.9-1.3-7.9 2.8-8.5l22.8-3.3 10.2-20.7c1.8-3.7 7.1-3.7 9 0l10.2 20.7 22.8 3.3c4 .6 5.6 5.6 2.6 8.5zM192 496c0 8.8 7.2 16 16 16h64c8.8 0 16-7.2 16-16v-80h160v80c0 8.8 7.2 16 16 16h64c8.8 0 16-7.2 16-16V352H192v144z\"><\/path><\/svg><\/div>\n\t\t\t\t\t\t<\/span>\n\t\t<\/div>\n\t\t\t\t\t\t<\/div>\n\t\t\t\t<div class=\"elementor-element elementor-element-0959ab1 elementor-widget elementor-widget-text-editor\" data-id=\"0959ab1\" data-element_type=\"widget\" data-e-type=\"widget\" data-widget_type=\"text-editor.default\">\n\t\t\t\t\t\t\t\t\t<p>Explotaci\u00f3n caprina con m\u00e1s de 50 a\u00f1os de experiencia en el sector. Nuestra ganader\u00eda se especializa en la producci\u00f3n de leche de cabra de raza murciano granadino, que es reconocida por su calidad excepcional.<\/p>\n<p>La leche que producimos es adquirida por una empresa local, mientras que los cabritos de un mes son vendidos directamente a una carnicer\u00eda cercana que se encarga de ofrecer productos de alta calidad.<\/p>\t\t\t\t\t\t\t\t<\/div>\n\t\t\t\t<\/div>\n\t\t\t\t\t<\/div>\n\t\t\t\t<\/div>\n\t\t<div class=\"elementor-element elementor-element-57e009d e-flex e-con-boxed e-con e-parent\" data-id=\"57e009d\" data-element_type=\"container\" data-e-type=\"container\" data-settings=\"{&quot;background_background&quot;:&quot;classic&quot;}\">\n\t\t\t\t\t<div class=\"e-con-inner\">\n\t\t\t\t<div class=\"elementor-element elementor-element-7be4a09 elementor-invisible elementor-widget elementor-widget-heading\" data-id=\"7be4a09\" data-element_type=\"widget\" data-e-type=\"widget\" data-settings=\"{&quot;_animation&quot;:&quot;fadeInDown&quot;}\" data-widget_type=\"heading.default\">\n\t\t\t\t\t<h2 class=\"elementor-heading-title elementor-size-default\">\u00a1Origen, selecci\u00f3n y calidad Murciano-Granadina!<\/h2>\t\t\t\t<\/div>\n\t\t\t\t<div class=\"elementor-element elementor-element-c4ee13d elementor-invisible elementor-widget elementor-widget-button\" data-id=\"c4ee13d\" data-element_type=\"widget\" data-e-type=\"widget\" data-settings=\"{&quot;_animation&quot;:&quot;fadeInDown&quot;}\" data-widget_type=\"button.default\">\n\t\t\t\t\t\t\t\t\t\t<a class=\"elementor-button elementor-button-link elementor-size-sm elementor-animation-float\" href=\"\/servicios\">\n\t\t\t\t\t\t<span class=\"elementor-button-content-wrapper\">\n\t\t\t\t\t\t\t\t\t<span class=\"elementor-button-text\">Servicios<\/span>\n\t\t\t\t\t<\/span>\n\t\t\t\t\t<\/a>\n\t\t\t\t\t\t\t\t<\/div>\n\t\t\t\t\t<\/div>\n\t\t\t\t<\/div>\n\t\t<div class=\"elementor-element elementor-element-29cc787 e-flex e-con-boxed e-con e-parent\" data-id=\"29cc787\" data-element_type=\"container\" data-e-type=\"container\">\n\t\t\t\t\t<div class=\"e-con-inner\">\n\t\t<div class=\"elementor-element elementor-element-d9bd6a1 e-con-full e-flex e-con e-child\" data-id=\"d9bd6a1\" data-element_type=\"container\" data-e-type=\"container\">\n\t\t\t\t<div class=\"elementor-element elementor-element-2d0fc03 elementor-widget elementor-widget-heading\" data-id=\"2d0fc03\" data-element_type=\"widget\" data-e-type=\"widget\" data-widget_type=\"heading.default\">\n\t\t\t\t\t<h2 class=\"elementor-heading-title elementor-size-default\">\u00a1Pura Murciano-Granadina, Pura calidad!<\/h2>\t\t\t\t<\/div>\n\t\t\t\t<div class=\"elementor-element elementor-element-9ff1b4e elementor-widget-divider--view-line_icon elementor-view-default elementor-widget-divider--element-align-center elementor-widget elementor-widget-divider\" data-id=\"9ff1b4e\" data-element_type=\"widget\" data-e-type=\"widget\" data-widget_type=\"divider.default\">\n\t\t\t\t\t\t\t<div class=\"elementor-divider\">\n\t\t\t<span class=\"elementor-divider-separator\">\n\t\t\t\t\t\t\t<div class=\"elementor-icon elementor-divider__element\">\n\t\t\t\t\t<svg aria-hidden=\"true\" class=\"e-font-icon-svg e-fas-democrat\" viewBox=\"0 0 640 512\" xmlns=\"http:\/\/www.w3.org\/2000\/svg\"><path d=\"M637.3 256.9l-19.6-29.4c-28.2-42.3-75.3-67.5-126.1-67.5H256l-81.2-81.2c20.1-20.1 22.6-51.1 7.5-73.9-3.4-5.2-10.8-5.9-15.2-1.5l-41.8 41.8L82.4 2.4c-3.6-3.6-9.6-3-12.4 1.2-12.3 18.6-10.3 44 6.1 60.4 3.3 3.3 7.3 5.3 11.3 7.5-2.2 1.7-4.7 3.1-6.4 5.4L6.4 176.2c-7.3 9.7-8.4 22.7-3 33.5l14.3 28.6c5.4 10.8 16.5 17.7 28.6 17.7h31c8.5 0 16.6-3.4 22.6-9.4L138 212l54 108h352v-77.8c16.2 12.2 18.3 17.6 40.1 50.3 4.9 7.4 14.8 9.3 22.2 4.4l26.6-17.7c7.3-5 9.3-14.9 4.4-22.3zm-341.1-13.6l-16.5 16.1 3.9 22.7c.7 4.1-3.6 7.2-7.2 5.3L256 276.7l-20.4 10.7c-3.6 1.9-7.9-1.2-7.2-5.3l3.9-22.7-16.5-16.1c-3-2.9-1.3-7.9 2.8-8.5l22.8-3.3 10.2-20.7c1.8-3.7 7.1-3.7 9 0l10.2 20.7 22.8 3.3c4 .6 5.6 5.6 2.6 8.5zm112 0l-16.5 16.1 3.9 22.7c.7 4.1-3.6 7.2-7.2 5.3L368 276.7l-20.4 10.7c-3.6 1.9-7.9-1.2-7.2-5.3l3.9-22.7-16.5-16.1c-3-2.9-1.3-7.9 2.8-8.5l22.8-3.3 10.2-20.7c1.8-3.7 7.1-3.7 9 0l10.2 20.7 22.8 3.3c4 .6 5.6 5.6 2.6 8.5zm112 0l-16.5 16.1 3.9 22.7c.7 4.1-3.6 7.2-7.2 5.3L480 276.7l-20.4 10.7c-3.6 1.9-7.9-1.2-7.2-5.3l3.9-22.7-16.5-16.1c-3-2.9-1.3-7.9 2.8-8.5l22.8-3.3 10.2-20.7c1.8-3.7 7.1-3.7 9 0l10.2 20.7 22.8 3.3c4 .6 5.6 5.6 2.6 8.5zM192 496c0 8.8 7.2 16 16 16h64c8.8 0 16-7.2 16-16v-80h160v80c0 8.8 7.2 16 16 16h64c8.8 0 16-7.2 16-16V352H192v144z\"><\/path><\/svg><\/div>\n\t\t\t\t\t\t<\/span>\n\t\t<\/div>\n\t\t\t\t\t\t<\/div>\n\t\t\t\t<div class=\"elementor-element elementor-element-ca7a13c elementor-widget elementor-widget-text-editor\" data-id=\"ca7a13c\" data-element_type=\"widget\" data-e-type=\"widget\" data-widget_type=\"text-editor.default\">\n\t\t\t\t\t\t\t\t\t<p>Los animales que permanecen con nosotros para su recr\u00eda se quedan en reposici\u00f3n dentro de nuestra propia ganader\u00eda, donde son cuidados con esmero.<\/p>\n<p>Adem\u00e1s, parte de nuestra producci\u00f3n gen\u00e9tica se ofrece a otros ganaderos que buscan mejorar sus reba\u00f1os. Nos enorgullece contribuir al desarrollo de la cr\u00eda caprina en la regi\u00f3n.<\/p>\t\t\t\t\t\t\t\t<\/div>\n\t\t\t\t<\/div>\n\t\t<div class=\"elementor-element elementor-element-d7b3a46 e-con-full e-flex e-con e-child\" data-id=\"d7b3a46\" data-element_type=\"container\" data-e-type=\"container\">\n\t\t\t\t<div class=\"elementor-element elementor-element-6d37a6e elementor-widget elementor-widget-image\" data-id=\"6d37a6e\" data-element_type=\"widget\" data-e-type=\"widget\" data-widget_type=\"image.default\">\n\t\t\t\t\t\t\t\t\t\t\t\t\t\t\t<img decoding=\"async\" width=\"1500\" height=\"1000\" src=\"https:\/\/apriscoeleuteriosl.com\/wp-content\/uploads\/2026\/03\/6566.jpg\" class=\"attachment-full size-full wp-image-403\" alt=\"\" srcset=\"https:\/\/apriscoeleuteriosl.com\/wp-content\/uploads\/2026\/03\/6566.jpg 1500w, https:\/\/apriscoeleuteriosl.com\/wp-content\/uploads\/2026\/03\/6566-300x200.jpg 300w, https:\/\/apriscoeleuteriosl.com\/wp-content\/uploads\/2026\/03\/6566-1024x683.jpg 1024w, https:\/\/apriscoeleuteriosl.com\/wp-content\/uploads\/2026\/03\/6566-768x512.jpg 768w, https:\/\/apriscoeleuteriosl.com\/wp-content\/uploads\/2026\/03\/6566-18x12.jpg 18w\" sizes=\"(max-width: 1500px) 100vw, 1500px\" \/>\t\t\t\t\t\t\t\t\t\t\t\t\t\t\t<\/div>\n\t\t\t\t<\/div>\n\t\t\t\t\t<\/div>\n\t\t\t\t<\/div>\n\t\t\t\t<\/div>\n\t\t","protected":false},"excerpt":{"rendered":"<p>Explotaci\u00f3n caprina Con mas de 50 a\u00f1os de experiencia \u00bfQui\u00e9nes somos? Explotaci\u00f3n caprina con m\u00e1s de 50 a\u00f1os de experiencia en el sector. Nuestra ganader\u00eda se especializa en la producci\u00f3n de leche de cabra de raza murciano granadino, que es reconocida por su calidad excepcional. La leche que producimos es adquirida por una empresa local, [&hellip;]<\/p>\n","protected":false},"author":1,"featured_media":0,"parent":0,"menu_order":0,"comment_status":"closed","ping_status":"closed","template":"elementor_canvas","meta":{"footnotes":""},"class_list":["post-2","page","type-page","status-publish","hentry"],"yoast_head":"<!-- This site is optimized with the Yoast SEO plugin v27.4 - https:\/\/yoast.com\/product\/yoast-seo-wordpress\/ -->\n<title>Inicio - Aprisco Eleuterio, S.L.<\/title>\n<meta name=\"robots\" content=\"index, follow, max-snippet:-1, max-image-preview:large, max-video-preview:-1\" \/>\n<link rel=\"canonical\" href=\"https:\/\/apriscoeleuteriosl.com\/en\/\" \/>\n<meta property=\"og:locale\" content=\"en_GB\" \/>\n<meta property=\"og:type\" content=\"article\" \/>\n<meta property=\"og:title\" content=\"Inicio - Aprisco Eleuterio, S.L.\" \/>\n<meta property=\"og:description\" content=\"Explotaci\u00f3n caprina Con mas de 50 a\u00f1os de experiencia \u00bfQui\u00e9nes somos? Explotaci\u00f3n caprina con m\u00e1s de 50 a\u00f1os de experiencia en el sector. Nuestra ganader\u00eda se especializa en la producci\u00f3n de leche de cabra de raza murciano granadino, que es reconocida por su calidad excepcional. La leche que producimos es adquirida por una empresa local, [&hellip;]\" \/>\n<meta property=\"og:url\" content=\"https:\/\/apriscoeleuteriosl.com\/en\/\" \/>\n<meta property=\"og:site_name\" content=\"Aprisco Eleuterio, S.L.\" \/>\n<meta property=\"article:modified_time\" content=\"2026-03-02T11:15:05+00:00\" \/>\n<meta property=\"og:image\" content=\"https:\/\/apriscoeleuteriosl.com\/wp-content\/uploads\/2026\/03\/680.jpg\" \/>\n<meta name=\"twitter:card\" content=\"summary_large_image\" \/>\n<meta name=\"twitter:label1\" content=\"Estimated reading time\" \/>\n\t<meta name=\"twitter:data1\" content=\"1 minute\" \/>\n<script type=\"application\/ld+json\" class=\"yoast-schema-graph\">{\"@context\":\"https:\\\/\\\/schema.org\",\"@graph\":[{\"@type\":\"WebPage\",\"@id\":\"https:\\\/\\\/apriscoeleuteriosl.com\\\/\",\"url\":\"https:\\\/\\\/apriscoeleuteriosl.com\\\/\",\"name\":\"Inicio - Aprisco Eleuterio, S.L.\",\"isPartOf\":{\"@id\":\"https:\\\/\\\/apriscoeleuteriosl.com\\\/#website\"},\"primaryImageOfPage\":{\"@id\":\"https:\\\/\\\/apriscoeleuteriosl.com\\\/#primaryimage\"},\"image\":{\"@id\":\"https:\\\/\\\/apriscoeleuteriosl.com\\\/#primaryimage\"},\"thumbnailUrl\":\"https:\\\/\\\/apriscoeleuteriosl.com\\\/wp-content\\\/uploads\\\/2026\\\/03\\\/680.jpg\",\"datePublished\":\"2026-02-27T14:51:20+00:00\",\"dateModified\":\"2026-03-02T11:15:05+00:00\",\"breadcrumb\":{\"@id\":\"https:\\\/\\\/apriscoeleuteriosl.com\\\/#breadcrumb\"},\"inLanguage\":\"en-GB\",\"potentialAction\":[{\"@type\":\"ReadAction\",\"target\":[\"https:\\\/\\\/apriscoeleuteriosl.com\\\/\"]}]},{\"@type\":\"ImageObject\",\"inLanguage\":\"en-GB\",\"@id\":\"https:\\\/\\\/apriscoeleuteriosl.com\\\/#primaryimage\",\"url\":\"https:\\\/\\\/apriscoeleuteriosl.com\\\/wp-content\\\/uploads\\\/2026\\\/03\\\/680.jpg\",\"contentUrl\":\"https:\\\/\\\/apriscoeleuteriosl.com\\\/wp-content\\\/uploads\\\/2026\\\/03\\\/680.jpg\"},{\"@type\":\"BreadcrumbList\",\"@id\":\"https:\\\/\\\/apriscoeleuteriosl.com\\\/#breadcrumb\",\"itemListElement\":[{\"@type\":\"ListItem\",\"position\":1,\"name\":\"Portada\",\"item\":\"https:\\\/\\\/apriscoeleuteriosl.com\\\/\"},{\"@type\":\"ListItem\",\"position\":2,\"name\":\"Inicio\"}]},{\"@type\":\"WebSite\",\"@id\":\"https:\\\/\\\/apriscoeleuteriosl.com\\\/#website\",\"url\":\"https:\\\/\\\/apriscoeleuteriosl.com\\\/\",\"name\":\"Aprisco Eleuterio, S.L.\",\"description\":\"Aprisco Eleuterio, S.L.\",\"publisher\":{\"@id\":\"https:\\\/\\\/apriscoeleuteriosl.com\\\/#organization\"},\"potentialAction\":[{\"@type\":\"SearchAction\",\"target\":{\"@type\":\"EntryPoint\",\"urlTemplate\":\"https:\\\/\\\/apriscoeleuteriosl.com\\\/?s={search_term_string}\"},\"query-input\":{\"@type\":\"PropertyValueSpecification\",\"valueRequired\":true,\"valueName\":\"search_term_string\"}}],\"inLanguage\":\"en-GB\"},{\"@type\":\"Organization\",\"@id\":\"https:\\\/\\\/apriscoeleuteriosl.com\\\/#organization\",\"name\":\"Aprisco Eleuterio, S.L.\",\"url\":\"https:\\\/\\\/apriscoeleuteriosl.com\\\/\",\"logo\":{\"@type\":\"ImageObject\",\"inLanguage\":\"en-GB\",\"@id\":\"https:\\\/\\\/apriscoeleuteriosl.com\\\/#\\\/schema\\\/logo\\\/image\\\/\",\"url\":\"https:\\\/\\\/apriscoeleuteriosl.com\\\/wp-content\\\/uploads\\\/2026\\\/02\\\/logo_web.png\",\"contentUrl\":\"https:\\\/\\\/apriscoeleuteriosl.com\\\/wp-content\\\/uploads\\\/2026\\\/02\\\/logo_web.png\",\"width\":1080,\"height\":1080,\"caption\":\"Aprisco Eleuterio, S.L.\"},\"image\":{\"@id\":\"https:\\\/\\\/apriscoeleuteriosl.com\\\/#\\\/schema\\\/logo\\\/image\\\/\"}}]}<\/script>\n<!-- \/ Yoast SEO plugin. -->","yoast_head_json":{"title":"Inicio - Aprisco Eleuterio, S.L.","robots":{"index":"index","follow":"follow","max-snippet":"max-snippet:-1","max-image-preview":"max-image-preview:large","max-video-preview":"max-video-preview:-1"},"canonical":"https:\/\/apriscoeleuteriosl.com\/en\/","og_locale":"en_GB","og_type":"article","og_title":"Inicio - Aprisco Eleuterio, S.L.","og_description":"Explotaci\u00f3n caprina Con mas de 50 a\u00f1os de experiencia \u00bfQui\u00e9nes somos? Explotaci\u00f3n caprina con m\u00e1s de 50 a\u00f1os de experiencia en el sector. Nuestra ganader\u00eda se especializa en la producci\u00f3n de leche de cabra de raza murciano granadino, que es reconocida por su calidad excepcional. La leche que producimos es adquirida por una empresa local, [&hellip;]","og_url":"https:\/\/apriscoeleuteriosl.com\/en\/","og_site_name":"Aprisco Eleuterio, S.L.","article_modified_time":"2026-03-02T11:15:05+00:00","og_image":[{"url":"https:\/\/apriscoeleuteriosl.com\/wp-content\/uploads\/2026\/03\/680.jpg","type":"","width":"","height":""}],"twitter_card":"summary_large_image","twitter_misc":{"Estimated reading time":"1 minute"},"schema":{"@context":"https:\/\/schema.org","@graph":[{"@type":"WebPage","@id":"https:\/\/apriscoeleuteriosl.com\/","url":"https:\/\/apriscoeleuteriosl.com\/","name":"Inicio - Aprisco Eleuterio, S.L.","isPartOf":{"@id":"https:\/\/apriscoeleuteriosl.com\/#website"},"primaryImageOfPage":{"@id":"https:\/\/apriscoeleuteriosl.com\/#primaryimage"},"image":{"@id":"https:\/\/apriscoeleuteriosl.com\/#primaryimage"},"thumbnailUrl":"https:\/\/apriscoeleuteriosl.com\/wp-content\/uploads\/2026\/03\/680.jpg","datePublished":"2026-02-27T14:51:20+00:00","dateModified":"2026-03-02T11:15:05+00:00","breadcrumb":{"@id":"https:\/\/apriscoeleuteriosl.com\/#breadcrumb"},"inLanguage":"en-GB","potentialAction":[{"@type":"ReadAction","target":["https:\/\/apriscoeleuteriosl.com\/"]}]},{"@type":"ImageObject","inLanguage":"en-GB","@id":"https:\/\/apriscoeleuteriosl.com\/#primaryimage","url":"https:\/\/apriscoeleuteriosl.com\/wp-content\/uploads\/2026\/03\/680.jpg","contentUrl":"https:\/\/apriscoeleuteriosl.com\/wp-content\/uploads\/2026\/03\/680.jpg"},{"@type":"BreadcrumbList","@id":"https:\/\/apriscoeleuteriosl.com\/#breadcrumb","itemListElement":[{"@type":"ListItem","position":1,"name":"Portada","item":"https:\/\/apriscoeleuteriosl.com\/"},{"@type":"ListItem","position":2,"name":"Inicio"}]},{"@type":"WebSite","@id":"https:\/\/apriscoeleuteriosl.com\/#website","url":"https:\/\/apriscoeleuteriosl.com\/","name":"Aprisco Eleuterio, S.L.","description":"Aprisco Eleuterio, S.L.","publisher":{"@id":"https:\/\/apriscoeleuteriosl.com\/#organization"},"potentialAction":[{"@type":"SearchAction","target":{"@type":"EntryPoint","urlTemplate":"https:\/\/apriscoeleuteriosl.com\/?s={search_term_string}"},"query-input":{"@type":"PropertyValueSpecification","valueRequired":true,"valueName":"search_term_string"}}],"inLanguage":"en-GB"},{"@type":"Organization","@id":"https:\/\/apriscoeleuteriosl.com\/#organization","name":"Aprisco Eleuterio, S.L.","url":"https:\/\/apriscoeleuteriosl.com\/","logo":{"@type":"ImageObject","inLanguage":"en-GB","@id":"https:\/\/apriscoeleuteriosl.com\/#\/schema\/logo\/image\/","url":"https:\/\/apriscoeleuteriosl.com\/wp-content\/uploads\/2026\/02\/logo_web.png","contentUrl":"https:\/\/apriscoeleuteriosl.com\/wp-content\/uploads\/2026\/02\/logo_web.png","width":1080,"height":1080,"caption":"Aprisco Eleuterio, S.L."},"image":{"@id":"https:\/\/apriscoeleuteriosl.com\/#\/schema\/logo\/image\/"}}]}},"_links":{"self":[{"href":"https:\/\/apriscoeleuteriosl.com\/en\/wp-json\/wp\/v2\/pages\/2","targetHints":{"allow":["GET"]}}],"collection":[{"href":"https:\/\/apriscoeleuteriosl.com\/en\/wp-json\/wp\/v2\/pages"}],"about":[{"href":"https:\/\/apriscoeleuteriosl.com\/en\/wp-json\/wp\/v2\/types\/page"}],"author":[{"embeddable":true,"href":"https:\/\/apriscoeleuteriosl.com\/en\/wp-json\/wp\/v2\/users\/1"}],"replies":[{"embeddable":true,"href":"https:\/\/apriscoeleuteriosl.com\/en\/wp-json\/wp\/v2\/comments?post=2"}],"version-history":[{"count":88,"href":"https:\/\/apriscoeleuteriosl.com\/en\/wp-json\/wp\/v2\/pages\/2\/revisions"}],"predecessor-version":[{"id":419,"href":"https:\/\/apriscoeleuteriosl.com\/en\/wp-json\/wp\/v2\/pages\/2\/revisions\/419"}],"wp:attachment":[{"href":"https:\/\/apriscoeleuteriosl.com\/en\/wp-json\/wp\/v2\/media?parent=2"}],"curies":[{"name":"wp","href":"https:\/\/api.w.org\/{rel}","templated":true}]}}